{"id":115,"date":"2022-06-28T12:37:20","date_gmt":"2022-06-28T12:37:20","guid":{"rendered":"https:\/\/cabinetduvully.ch\/?page_id=115"},"modified":"2022-08-11T07:43:25","modified_gmt":"2022-08-11T07:43:25","slug":"2-minutes-pour-ma-sante","status":"publish","type":"page","link":"https:\/\/cabinetduvully.ch\/?page_id=115","title":{"rendered":"2 minutes pour ma sant\u00e9"},"content":{"rendered":"<div class=\"vce-row-container\"><div class=\"vce-row vce-element--has-background vce-row--col-gap-0 banner-homme vce-row-equal-height vce-row-content--top\" data-vce-full-width=\"true\" id=\"el-2ac3f91c\" data-vce-do-apply=\"all el-2ac3f91c\"><div class=\"vce-content-background-container\"><div class=\"vce-asset-background-simple-container vce-visible-all-only vce-asset-background-simple--style-cover vce-asset-background-simple--position-center-center\"><div class=\"vce-asset-background-simple\">\n              <div class=\"vce-asset-background-simple-item vcv-lozad\" data-background-image=\"https:\/\/cabinetduvully.ch\/app\/uploads\/2022\/07\/220601-VullyPraxis-\u00a9AGENCEB-052.jpg\"><\/div>\n              <noscript>\n                <div class=\"vce-asset-background-simple-item\" style=\"background-image: url(https:\/\/cabinetduvully.ch\/app\/uploads\/2022\/07\/220601-VullyPraxis-\u00a9AGENCEB-052.jpg)\"><\/div>\n              <\/noscript>\n            <\/div><\/div><\/div><div class=\"vce-row-content\" data-vce-element-content=\"true\"><div class=\"vce-col vce-col--md-50p vce-col--xs-1 vce-col--xs-last vce-col--xs-first vce-col--sm-last vce-col--sm-first vce-col--md-first vce-col--lg-first vce-col--xl-first\" id=\"el-169164de\"><div class=\"vce-col-inner\" data-vce-do-apply=\"border margin background  el-169164de\"><div class=\"vce-col-content\" data-vce-element-content=\"true\" data-vce-do-apply=\"padding el-169164de\"><div><\/div><\/div><\/div><\/div><div class=\"vce-col vce-col--md-25p vce-col--xs-1 vce-col--xs-last vce-col--xs-first vce-col--sm-last vce-col--sm-first\" id=\"el-1b75e69b\"><div class=\"vce-col-inner\" data-vce-do-apply=\"border margin background  el-1b75e69b\"><div class=\"vce-col-content\" data-vce-element-content=\"true\" data-vce-do-apply=\"padding el-1b75e69b\"><div><\/div><\/div><\/div><\/div><div class=\"vce-col vce-col--md-25p vce-col--xs-1 vce-col--xs-last vce-col--xs-first vce-col--sm-last vce-col--sm-first vce-col--md-last vce-col--lg-last vce-col--xl-last\" id=\"el-55eb5301\"><div class=\"vce-col-inner\" data-vce-do-apply=\"border margin background  el-55eb5301\"><div class=\"vce-col-content\" data-vce-element-content=\"true\" data-vce-do-apply=\"padding el-55eb5301\"><div><\/div><\/div><\/div><\/div><\/div><\/div><\/div><div class=\"vce-row-container\" data-vce-boxed-width=\"true\"><div class=\"vce-row vce-row--has-col-background vce-row--col-gap-30 container_block_blanc vce-row-equal-height vce-row-content--top\" id=\"el-8952c0cb\" data-vce-do-apply=\"all el-8952c0cb\"><div class=\"vce-content-background-container\"><\/div><div class=\"vce-row-content\" data-vce-element-content=\"true\"><div class=\"vce-col vce-col--md-25p vce-col--xs-1 vce-col--xs-last vce-col--xs-first vce-col--sm-last vce-col--sm-first vce-col--md-first vce-col--lg-first vce-col--xl-first\" id=\"el-10d72640\"><div class=\"vce-col-inner\" data-vce-do-apply=\"border margin background  el-10d72640\"><div class=\"vce-col-content\" data-vce-element-content=\"true\" data-vce-do-apply=\"padding el-10d72640\"><div><\/div><\/div><\/div><\/div><div class=\"vce-col vce-element--has-background vce-col--md-75p vce-col--xs-1 vce-col--xs-last vce-col--xs-first vce-col--sm-last vce-col--sm-first vce-col--md-last vce-col--lg-last vce-col--xl-last\" id=\"el-bd912709\"><div class=\"vce-col-inner\" data-vce-do-apply=\"border margin background  el-bd912709\" vce-box-shadow=\"el-bd912709\"><div class=\"vce-content-background-container\"><\/div><div class=\"vce-col-content\" data-vce-element-content=\"true\" data-vce-do-apply=\"padding el-bd912709\"><div class=\"vce-text-block\"><div class=\"vce-text-block-wrapper vce\" id=\"el-9006a029\" data-vce-do-apply=\"all el-9006a029\"><h5 style=\"text-align: center; color: #ffffff;\"><i class=\"fa fa-quote-left\"><\/i><span style=\"color: #ffffff;\"> Aujourd'hui, je prends ma sant\u00e9 en main<\/span><\/h5><\/div><\/div><\/div><\/div><\/div><\/div><\/div><\/div><div class=\"vce-row-container\" data-vce-boxed-width=\"true\"><div class=\"vce-row vce-row--col-gap-30 beforeh2 vce-row-equal-height vce-row-content--top\" id=\"el-686e8ea7\" data-vce-do-apply=\"all el-686e8ea7\"><div class=\"vce-content-background-container\"><\/div><div class=\"vce-row-content\" data-vce-element-content=\"true\"><div class=\"vce-col vce-col--md-66-66p vce-col--xs-1 vce-col--xs-last vce-col--xs-first vce-col--sm-last vce-col--sm-first vce-col--md-first vce-col--lg-first vce-col--xl-first\" id=\"el-b6ef211e\"><div class=\"vce-col-inner\" data-vce-do-apply=\"border margin background  el-b6ef211e\"><div class=\"vce-col-content\" data-vce-element-content=\"true\" data-vce-do-apply=\"padding el-b6ef211e\"><div class=\"vce-text-block\"><div class=\"vce-text-block-wrapper vce\" id=\"el-d6896384\" data-vce-do-apply=\"all el-d6896384\"><h2>2 minutes pour ma sant\u00e9<\/h2><br>Sur mon chemin survient parfois la maladie, exprimant un d\u00e9s\u00e9quilibre entre mon corps, mon esprit et mon environnement. Au carrefour entre les diff\u00e9rentes voies de gu\u00e9rison, le m\u00e9decin peut me conseiller et me guider en prenant le temps d\u2019explorer l\u2019origine de mes maux. Dans la plupart des cas, ma volont\u00e9 de gu\u00e9rir et le temps permettent une gu\u00e9rison. Je reste libre et responsable de prendre ma sant\u00e9 en main.<br><br>Toutes les m\u00e9decines du monde peuvent me permettre d\u2019avancer sur le chemin de la gu\u00e9rison. La m\u00e9decine dite \u00ab&nbsp;conventionnelle&nbsp;\u00bb est l\u2019une d\u2019entre elles, avec ses limites et ses d\u00e9fauts. Au Cabinet du Vully, j\u2019y trouverai une ouverture pour toutes les autres m\u00e9decines dites \u00ab&nbsp;compl\u00e9mentaires&nbsp;\u00bb ou \u00ab&nbsp;alternatives&nbsp;\u00bb. S\u2019il y a plusieurs fa\u00e7ons de me gu\u00e9rir, alors ensemble nous trouverons le meilleur chemin de ma gu\u00e9rison.<br><br>Il n\u2019y a pas d\u2019autres meilleures m\u00e9decines que celles qui me font gu\u00e9rir<\/div><\/div><\/div><\/div><\/div><div class=\"vce-col vce-col--md-33-34p vce-col--xs-1 vce-col--xs-last vce-col--xs-first vce-col--sm-last vce-col--sm-first vce-col--md-last vce-col--lg-last vce-col--xl-last\" id=\"el-b69f20ab\"><div class=\"vce-col-inner\" data-vce-do-apply=\"border margin background  el-b69f20ab\"><div class=\"vce-col-content\" data-vce-element-content=\"true\" data-vce-do-apply=\"padding el-b69f20ab\"><div class=\"vce-single-image-container vce-single-image--align-left\"><div class=\"vce vce-single-image-wrapper\" id=\"el-4272c6c2\" data-vce-do-apply=\"all el-4272c6c2\"><figure><div class=\"vce-single-image-figure-inner\" style=\"width: 1024px;\"><div class=\"vce-single-image-inner vce-single-image--absolute\" style=\"width: 100%; padding-bottom: 66.6016%;\"><img loading=\"lazy\" class=\"vce-single-image\"  width=\"1024\" height=\"682\" src=\"https:\/\/cabinetduvully.ch\/app\/uploads\/2022\/07\/220601-VullyPraxis-\u00a9AGENCEB-049-1.jpg\" data-img-src=\"https:\/\/cabinetduvully.ch\/app\/uploads\/2022\/07\/220601-VullyPraxis-\u00a9AGENCEB-049-1.jpg\" alt=\"\" title=\"220601-VullyPraxis-\u00a9AGENCEB-049\" \/><\/div><\/div><figcaption hidden=\"\"><\/figcaption><\/figure><\/div><\/div><\/div><\/div><\/div><\/div><\/div><\/div>","protected":false},"excerpt":{"rendered":"<p>Aujourd&#8217;hui, je prends ma sant\u00e9 en main2 minutes pour ma sant\u00e9Sur mon chemin survient parfois la maladie, exprimant un d\u00e9s\u00e9quilibre entre mon corps, mon esprit et mon environnement. Au carrefour entre les diff\u00e9rentes voies de gu\u00e9rison, le m\u00e9decin peut me conseiller et me guider en prenant le temps d\u2019explorer l\u2019origine de mes maux. Dans la [&hellip;]<\/p>\n","protected":false},"author":1,"featured_media":0,"parent":0,"menu_order":0,"comment_status":"closed","ping_status":"closed","template":"","meta":[],"acf":[],"_links":{"self":[{"href":"https:\/\/cabinetduvully.ch\/index.php?rest_route=\/wp\/v2\/pages\/115"}],"collection":[{"href":"https:\/\/cabinetduvully.ch\/index.php?rest_route=\/wp\/v2\/pages"}],"about":[{"href":"https:\/\/cabinetduvully.ch\/index.php?rest_route=\/wp\/v2\/types\/page"}],"author":[{"embeddable":true,"href":"https:\/\/cabinetduvully.ch\/index.php?rest_route=\/wp\/v2\/users\/1"}],"replies":[{"embeddable":true,"href":"https:\/\/cabinetduvully.ch\/index.php?rest_route=%2Fwp%2Fv2%2Fcomments&post=115"}],"version-history":[{"count":7,"href":"https:\/\/cabinetduvully.ch\/index.php?rest_route=\/wp\/v2\/pages\/115\/revisions"}],"predecessor-version":[{"id":232,"href":"https:\/\/cabinetduvully.ch\/index.php?rest_route=\/wp\/v2\/pages\/115\/revisions\/232"}],"wp:attachment":[{"href":"https:\/\/cabinetduvully.ch\/index.php?rest_route=%2Fwp%2Fv2%2Fmedia&parent=115"}],"curies":[{"name":"wp","href":"https:\/\/api.w.org\/{rel}","templated":true}]}}