{"id":16,"date":"2022-06-16T06:45:45","date_gmt":"2022-06-16T06:45:45","guid":{"rendered":"https:\/\/cabinetduvully.ch\/?page_id=16"},"modified":"2024-05-22T06:21:24","modified_gmt":"2024-05-22T06:21:24","slug":"contact","status":"publish","type":"page","link":"https:\/\/cabinetduvully.ch\/?page_id=16","title":{"rendered":"Contact"},"content":{"rendered":"<div class=\"vce-row-container\"><div class=\"vce-row vce-element--has-background vce-row--col-gap-0 banner-homme vce-row-equal-height vce-row-content--top\" data-vce-full-width=\"true\" id=\"el-38f56dbf\" data-vce-do-apply=\"all el-38f56dbf\"><div class=\"vce-content-background-container\"><div class=\"vce-asset-background-simple-container vce-visible-all-only vce-asset-background-simple--style-cover vce-asset-background-simple--position-center-center\"><div class=\"vce-asset-background-simple\">\n              <div class=\"vce-asset-background-simple-item vcv-lozad\" data-background-image=\"https:\/\/cabinetduvully.ch\/app\/uploads\/2022\/07\/220601-VullyPraxis-\u00a9AGENCEB-052.jpg\"><\/div>\n              <noscript>\n                <div class=\"vce-asset-background-simple-item\" style=\"background-image: url(https:\/\/cabinetduvully.ch\/app\/uploads\/2022\/07\/220601-VullyPraxis-\u00a9AGENCEB-052.jpg)\"><\/div>\n              <\/noscript>\n            <\/div><\/div><\/div><div class=\"vce-row-content\" data-vce-element-content=\"true\"><div class=\"vce-col vce-col--md-50p vce-col--xs-1 vce-col--xs-last vce-col--xs-first vce-col--sm-last vce-col--sm-first vce-col--md-first vce-col--lg-first vce-col--xl-first\" id=\"el-4d234e01\"><div class=\"vce-col-inner\" data-vce-do-apply=\"border margin background  el-4d234e01\"><div class=\"vce-col-content\" data-vce-element-content=\"true\" data-vce-do-apply=\"padding el-4d234e01\"><div><\/div><\/div><\/div><\/div><div class=\"vce-col vce-col--md-25p vce-col--xs-1 vce-col--xs-last vce-col--xs-first vce-col--sm-last vce-col--sm-first\" id=\"el-83cfe576\"><div class=\"vce-col-inner\" data-vce-do-apply=\"border margin background  el-83cfe576\"><div class=\"vce-col-content\" data-vce-element-content=\"true\" data-vce-do-apply=\"padding el-83cfe576\"><div><\/div><\/div><\/div><\/div><div class=\"vce-col vce-col--md-25p vce-col--xs-1 vce-col--xs-last vce-col--xs-first vce-col--sm-last vce-col--sm-first vce-col--md-last vce-col--lg-last vce-col--xl-last\" id=\"el-72801532\"><div class=\"vce-col-inner\" data-vce-do-apply=\"border margin background  el-72801532\"><div class=\"vce-col-content\" data-vce-element-content=\"true\" data-vce-do-apply=\"padding el-72801532\"><div><\/div><\/div><\/div><\/div><\/div><\/div><\/div><div class=\"vce-row-container\"><div class=\"vce-row vce-row--col-gap-30 vce-row-equal-height vce-row-content--top\" data-vce-full-width=\"true\" data-vce-stretch-content=\"true\" id=\"el-ea433ecb\" data-vce-do-apply=\"all el-ea433ecb\"><div class=\"vce-content-background-container\"><\/div><div class=\"vce-row-content\" data-vce-element-content=\"true\"><div class=\"vce-col vce-col--md-auto vce-col--xs-1 vce-col--xs-last vce-col--xs-first vce-col--sm-last vce-col--sm-first vce-col--md-last vce-col--lg-last vce-col--xl-last vce-col--md-first vce-col--lg-first vce-col--xl-first\" id=\"el-f7227042\"><div class=\"vce-col-inner\" data-vce-do-apply=\"border margin background  el-f7227042\"><div class=\"vce-col-content\" data-vce-element-content=\"true\" data-vce-do-apply=\"padding el-f7227042\"><div class=\"vce-row-container\" data-vce-boxed-width=\"true\"><div class=\"vce-row vce-row--xl--has-col-background vce-row--lg--has-col-background vce-row--md--has-col-background vce-row--sm--has-col-background vce-row--xs--has-col-background vce-row--col-gap-30 container_block_blanc vce-row-equal-height vce-row-content--top\" id=\"el-3749e9cc\" data-vce-do-apply=\"all el-3749e9cc\"><div class=\"vce-row-content\" data-vce-element-content=\"true\"><div class=\"vce-col vce-element--xl--has-background vce-element--lg--has-background vce-element--md--has-background vce-element--sm--has-background vce-element--xs--has-background vce-col--md-25p vce-col--xs-1 vce-col--xs-last vce-col--xs-first vce-col--sm-last vce-col--sm-first vce-col--md-first vce-col--lg-first vce-col--xl-first\" id=\"el-89c4956a\"><div class=\"vce-col-inner\" data-vce-do-apply=\"border margin background  el-89c4956a\" vce-box-shadow=\"el-89c4956a\"><div class=\"vce-content-background-container\"><\/div><div class=\"vce-col-content\" data-vce-element-content=\"true\" data-vce-do-apply=\"padding el-89c4956a\"><section class=\"vce-feature vce-feature--alignment--center\"><div class=\"vce vce-feature--wrap-row\" id=\"el-4a739e9a\" data-vce-do-apply=\"all el-4a739e9a\"><div class=\"vce-features vce-var-icon vce-features--style-none vce-features--size-small\" style=\"--text-align: center; --iconColor: rgb(0, 0, 0); --iconColorHover: rgb(0, 0, 0); --shapeColor: #3cb878; --shapeColorHover: #3cb878; --linkColorHover: #36a56b;\"><div id=\"el-b4f2f59b\" class=\"vce vce-features-icon-wrapper\" data-vce-do-apply=\"all el-b4f2f59b\"><div class=\"vce-features--icon vce-icon\"><svg xmlns=\"https:\/\/www.w3.org\/2000\/svg\" viewBox=\"0 0 769 769\"><path stroke-width=\"25\" d=\"M565.755 696.27h-360l-180-311.77 180-311.77h360l180 311.77z\"><\/path><\/svg><span class=\"vce-icon-container fas fa-stethoscope\"><\/span><\/div><\/div><\/div><p><strong>Urgences<\/strong><br>M\u00e9decin de garde de la Broye: <br>0848 133 133<br>Pharmacie de garde VD: 0848 133 133 ou <a href=\"https:\/\/garde.svph.ch\" target=\"_blank\" rel=\"noopener\">https:\/\/garde.svph.ch<\/a><br>Pharmacie de garde FR: 0900 146 146<br><br>MedAtHome 7j\/7 7h \u00e0 22h 026 670 07 00<\/p><br><p>Urgence vitale : 144<\/p><\/div><\/section><\/div><\/div><\/div><div class=\"vce-col vce-element--xl--has-background vce-element--lg--has-background vce-element--md--has-background vce-element--sm--has-background vce-element--xs--has-background vce-col--md-auto vce-col--xs-1 vce-col--xs-last vce-col--xs-first vce-col--sm-last vce-col--sm-first\" id=\"el-6cc19993\"><div class=\"vce-col-inner\" data-vce-do-apply=\"border margin background  el-6cc19993\" vce-box-shadow=\"el-6cc19993\"><div class=\"vce-content-background-container\"><\/div><div class=\"vce-col-content\" data-vce-element-content=\"true\" data-vce-do-apply=\"padding el-6cc19993\"><section class=\"vce-feature vce-feature--alignment--center\"><div class=\"vce vce-feature--wrap-row\" id=\"el-b6a08a69\" data-vce-do-apply=\"all el-b6a08a69\"><div class=\"vce-features vce-var-icon vce-features--style-none vce-features--size-small\" style=\"--text-align: center; --iconColor: rgb(0, 0, 0); --iconColorHover: rgb(0, 0, 0); --shapeColor: #3cb878; --shapeColorHover: #3cb878; --linkColorHover: #36a56b;\"><div id=\"el-b4f2f59b\" class=\"vce vce-features-icon-wrapper\" data-vce-do-apply=\"all el-b4f2f59b\"><div class=\"vce-features--icon vce-icon\"><svg xmlns=\"https:\/\/www.w3.org\/2000\/svg\" viewBox=\"0 0 769 769\"><path stroke-width=\"25\" d=\"M565.755 696.27h-360l-180-311.77 180-311.77h360l180 311.77z\"><\/path><\/svg><span class=\"vce-icon-container fas fa-envelope\"><\/span><\/div><\/div><\/div><p><strong>Email<\/strong><br>Exclusivement pour les <br>professionnels de la sant\u00e9<\/p><\/div><\/section><div class=\"vce-button--style-outline-container vce-button--style-outline-container--align-center\"><span class=\"vce-button--style-outline-wrapper vce vce-button--style-outline-wrapper--stretched\" id=\"el-29841ad4\" data-vce-do-apply=\"margin el-29841ad4\"><a class=\"vce-button vce-button--style-outline-animated vce-button--style-outline--border-square vce-button--style-outline--size-medium vce-button--style-outline-animated--color-b-0-0-0--fff--3d3d3d vce-button--style-outline-animated--border-color-b-0-0-0--3d3d3d vce-button--style-outline-animated--background-color-3d3d3d\" href=\"#vcv-popup-114\" data-vce-do-apply=\"padding border background  el-29841ad4\"><span class=\"vce-button--style-outline-text\">Je suis un professionnel de la sant\u00e9<\/span><\/a><\/span><\/div><\/div><\/div><\/div><div class=\"vce-col vce-element--xl--has-background vce-element--lg--has-background vce-element--md--has-background vce-element--sm--has-background vce-element--xs--has-background vce-col--md-auto vce-col--xs-1 vce-col--xs-last vce-col--xs-first vce-col--sm-last vce-col--sm-first\" id=\"el-7d0958ba\"><div class=\"vce-col-inner\" data-vce-do-apply=\"border margin background  el-7d0958ba\" vce-box-shadow=\"el-7d0958ba\"><div class=\"vce-content-background-container\"><\/div><div class=\"vce-col-content\" data-vce-element-content=\"true\" data-vce-do-apply=\"padding el-7d0958ba\"><section class=\"vce-feature vce-feature--alignment--center\"><div class=\"vce vce-feature--wrap-row\" id=\"el-6b88038c\" data-vce-do-apply=\"all el-6b88038c\"><div class=\"vce-features vce-var-icon vce-features--style-none vce-features--size-small\" style=\"--text-align: center; --iconColor: rgb(0, 0, 0); --iconColorHover: rgb(0, 0, 0); --shapeColor: #3cb878; --shapeColorHover: #3cb878; --linkColorHover: #36a56b;\"><div id=\"el-b4f2f59b\" class=\"vce vce-features-icon-wrapper\" data-vce-do-apply=\"all el-b4f2f59b\"><div class=\"vce-features--icon vce-icon\"><svg xmlns=\"https:\/\/www.w3.org\/2000\/svg\" viewBox=\"0 0 769 769\"><path stroke-width=\"25\" d=\"M565.755 696.27h-360l-180-311.77 180-311.77h360l180 311.77z\"><\/path><\/svg><span class=\"vce-icon-container fas fa-phone\"><\/span><\/div><\/div><\/div><p><strong>T\u00e9l\u00e9phone<\/strong><br>026 677 13 08<\/p><\/div><\/section><\/div><\/div><\/div><div class=\"vce-col vce-element--xl--has-background vce-element--lg--has-background vce-element--md--has-background vce-element--sm--has-background vce-element--xs--has-background vce-col--md-auto vce-col--xs-1 vce-col--xs-last vce-col--xs-first vce-col--sm-last vce-col--sm-first vce-col--md-last vce-col--lg-last vce-col--xl-last\" id=\"el-54c9a7d1\"><div class=\"vce-col-inner\" data-vce-do-apply=\"border margin background  el-54c9a7d1\" vce-box-shadow=\"el-54c9a7d1\"><div class=\"vce-content-background-container\"><\/div><div class=\"vce-col-content\" data-vce-element-content=\"true\" data-vce-do-apply=\"padding el-54c9a7d1\"><section class=\"vce-feature vce-feature--alignment--center\"><div class=\"vce vce-feature--wrap-row\" id=\"el-b152b231\" data-vce-do-apply=\"all el-b152b231\"><div class=\"vce-features vce-var-icon vce-features--style-none vce-features--size-small\" style=\"--text-align: center; --iconColor: rgb(0, 0, 0); --iconColorHover: rgb(0, 0, 0); --shapeColor: #3cb878; --shapeColorHover: #3cb878; --linkColorHover: #36a56b;\"><div id=\"el-b4f2f59b\" class=\"vce vce-features-icon-wrapper\" data-vce-do-apply=\"all el-b4f2f59b\"><div class=\"vce-features--icon vce-icon\"><svg xmlns=\"https:\/\/www.w3.org\/2000\/svg\" viewBox=\"0 0 769 769\"><path stroke-width=\"25\" d=\"M565.755 696.27h-360l-180-311.77 180-311.77h360l180 311.77z\"><\/path><\/svg><span class=\"vce-icon-container fas fa-map-pin\"><\/span><\/div><\/div><\/div><p><strong>Adresse<\/strong><br>Cabinet du Vully \/ Vully-Praxis<br>Route d\u2019Avenches 22<br>1585 Vully-les-Lacs<\/p><\/div><\/section><\/div><\/div><\/div><\/div><\/div><\/div><\/div><\/div><\/div><\/div><\/div><\/div><div class=\"vce-row-container\" data-vce-boxed-width=\"true\"><div class=\"vce-row vce-row--col-gap-30 vce-row-equal-height vce-row-content--top\" id=\"el-a513fd54\" data-vce-do-apply=\"all el-a513fd54\"><div class=\"vce-row-content\" data-vce-element-content=\"true\"><div class=\"vce-col vce-col--md-auto vce-col--xs-1 vce-col--xs-last vce-col--xs-first vce-col--sm-last vce-col--sm-first vce-col--md-last vce-col--lg-last vce-col--xl-last vce-col--md-first vce-col--lg-first vce-col--xl-first\" id=\"el-0823151a\"><div class=\"vce-col-inner\" data-vce-do-apply=\"border margin background  el-0823151a\"><div class=\"vce-col-content\" data-vce-element-content=\"true\" data-vce-do-apply=\"padding el-0823151a\"><div class=\"vce-raw-html\"><div class=\"vce-raw-html-wrapper\" id=\"el-8028b899\" data-vce-do-apply=\"all el-8028b899\"><iframe src=\"https:\/\/www.google.com\/maps\/embed?pb=!1m18!1m12!1m3!1d2725.2749229858623!2d7.020160915733577!3d46.91697657914486!2m3!1f0!2f0!3f0!3m2!1i1024!2i768!4f13.1!3m3!1m2!1s0x478e73323113b53f%3A0x3404e3315246e275!2sRte%20d'Avenches%2022%2C%201585%20Bellerive!5e0!3m2!1sfr!2sch!4v1656420254461!5m2!1sfr!2sch\" width=\"100%\" height=\"450\" style=\"border:0;\" allowfullscreen=\"\" loading=\"lazy\" referrerpolicy=\"no-referrer-when-downgrade\"><\/iframe><\/div><\/div><\/div><\/div><\/div><\/div><\/div><\/div>","protected":false},"excerpt":{"rendered":"<p>UrgencesM\u00e9decin de garde de la Broye: 0848 133 133Pharmacie de garde VD: 0848 133 133 ou https:\/\/garde.svph.chPharmacie de garde FR: 0900 146 146MedAtHome 7j\/7 7h \u00e0 22h 026 670 07 00Urgence vitale : 144EmailExclusivement pour les professionnels de la sant\u00e9Je suis un professionnel de la sant\u00e9T\u00e9l\u00e9phone026 677 13 08AdresseCabinet du Vully \/ Vully-PraxisRoute d\u2019Avenches 221585 [&hellip;]<\/p>\n","protected":false},"author":1,"featured_media":0,"parent":0,"menu_order":0,"comment_status":"closed","ping_status":"closed","template":"","meta":[],"acf":[],"_links":{"self":[{"href":"https:\/\/cabinetduvully.ch\/index.php?rest_route=\/wp\/v2\/pages\/16"}],"collection":[{"href":"https:\/\/cabinetduvully.ch\/index.php?rest_route=\/wp\/v2\/pages"}],"about":[{"href":"https:\/\/cabinetduvully.ch\/index.php?rest_route=\/wp\/v2\/types\/page"}],"author":[{"embeddable":true,"href":"https:\/\/cabinetduvully.ch\/index.php?rest_route=\/wp\/v2\/users\/1"}],"replies":[{"embeddable":true,"href":"https:\/\/cabinetduvully.ch\/index.php?rest_route=%2Fwp%2Fv2%2Fcomments&post=16"}],"version-history":[{"count":14,"href":"https:\/\/cabinetduvully.ch\/index.php?rest_route=\/wp\/v2\/pages\/16\/revisions"}],"predecessor-version":[{"id":265,"href":"https:\/\/cabinetduvully.ch\/index.php?rest_route=\/wp\/v2\/pages\/16\/revisions\/265"}],"wp:attachment":[{"href":"https:\/\/cabinetduvully.ch\/index.php?rest_route=%2Fwp%2Fv2%2Fmedia&parent=16"}],"curies":[{"name":"wp","href":"https:\/\/api.w.org\/{rel}","templated":true}]}}